{"id":348926,"date":"2019-06-21T14:08:29","date_gmt":"2019-06-21T12:08:29","guid":{"rendered":"http:\/\/www.opotager.fr\/?page_id=348926"},"modified":"2019-06-21T14:08:29","modified_gmt":"2019-06-21T12:08:29","slug":"mentions-legales","status":"publish","type":"page","link":"https:\/\/www.opotager.fr\/index.php\/mentions-legales\/","title":{"rendered":"Mentions l\u00e9gales"},"content":{"rendered":"<p>\u00d4potager est une activit\u00e9 ind\u00e9pendante faisant partie de Coopaname<br \/>\nSoci\u00e9t\u00e9 Coop\u00e9rative Ouvri\u00e8re de Production Anonyme (SCOP-SA) \u00e0 capital variable<br \/>\nRCS Paris 448 762 526<br \/>\nAPE : 7022Z<br \/>\nN\u00b0 Intracom : FR49 448 762 526<\/p>\n<p><strong>Si\u00e8ge social :<\/strong> COOPANAME<br \/>\n3\/7 rue Albert Marquet<br \/>\n75020 Paris, France<br \/>\nT\u00e9l : 01 43 71 82 69<br \/>\n<a href=\"http:\/\/www.coopaname.coop\/\">http:\/\/www.coopaname.coop\/<\/a><\/p>\n<p><strong>Contact : <\/strong><br \/>\n\u00d4potager &#8211; Wendy Boulanger<br \/>\nT\u00e9l\u00e9phone : +33 62 00 73 06<br \/>\n<a href=\"mailto:wendy.boulanger@opotager.fr\">wendy.boulanger@opotager.fr<\/a><\/p>\n<p><strong>H\u00e9bergeur du site :<br \/>\n<\/strong>OVH &#8211; SAS au capital de 500 k\u20ac RCS Roubaix<br \/>\nTourcoing 424 761 419 00011<br \/>\n140 Quai du Sartel \u2013 59100 Roubaix<\/p>\n<p><strong>Loi informatique et libert\u00e9 :<br \/>\n<\/strong>Les informations que vous fournissez \u00e0 Potager \/ Coopaname ne feront l\u2019objet d\u2019aucune utilisation commerciale.<br \/>\nElles ne seront jamais communiqu\u00e9es \u00e0 des tiers.<br \/>\nVous disposez d\u2019un droit d\u2019acc\u00e8s, de modification, de rectification et de suppression des donn\u00e9es qui vous concernent (art. 34 de la loi \u00ab Informatique et Libert\u00e9s \u00bb).<br \/>\nCe droit peut-\u00eatre exerc\u00e9 en \u00e9crivant \u00e0 Coopaname \/ \u00d4potager, 3\/7 rue Albert Marquet \u2013 75020 Paris, ou par e-mail via la page Contact du site.<\/p>\n<p><strong>Cr\u00e9dits photos et images<\/strong><br \/>\nL\u2019ensemble des photographies du site sont la propri\u00e9t\u00e9 de \u00d4potager \/ Coopaname.<br \/>\nToutes les photographies sont libres de droits sous r\u00e9serve d\u2019autorisation pr\u00e9alable \u00e9crite et de mention obligatoire du cr\u00e9dit.<\/p>\n","protected":false},"excerpt":{"rendered":"<p>\u00d4potager est une activit\u00e9 ind\u00e9pendante faisant partie de Coopaname Soci\u00e9t\u00e9 Coop\u00e9rative Ouvri\u00e8re de Production Anonyme (SCOP-SA) \u00e0 capital variable RCS Paris 448 762 526 APE : 7022Z N\u00b0 Intracom : FR49 448 762 526 Si\u00e8ge social : COOPANAME 3\/7 rue Albert Marquet 75020 Paris, France&#8230;<\/p>\n","protected":false},"author":1,"featured_media":0,"parent":0,"menu_order":0,"comment_status":"closed","ping_status":"closed","template":"","meta":{"jetpack_post_was_ever_published":false,"footnotes":""},"class_list":["post-348926","page","type-page","status-publish","hentry"],"jetpack_sharing_enabled":true,"jetpack_shortlink":"https:\/\/wp.me\/Pa0zvS-1sLQ","jetpack_likes_enabled":true,"_links":{"self":[{"href":"https:\/\/www.opotager.fr\/index.php\/wp-json\/wp\/v2\/pages\/348926","targetHints":{"allow":["GET"]}}],"collection":[{"href":"https:\/\/www.opotager.fr\/index.php\/wp-json\/wp\/v2\/pages"}],"about":[{"href":"https:\/\/www.opotager.fr\/index.php\/wp-json\/wp\/v2\/types\/page"}],"author":[{"embeddable":true,"href":"https:\/\/www.opotager.fr\/index.php\/wp-json\/wp\/v2\/users\/1"}],"replies":[{"embeddable":true,"href":"https:\/\/www.opotager.fr\/index.php\/wp-json\/wp\/v2\/comments?post=348926"}],"version-history":[{"count":1,"href":"https:\/\/www.opotager.fr\/index.php\/wp-json\/wp\/v2\/pages\/348926\/revisions"}],"predecessor-version":[{"id":348927,"href":"https:\/\/www.opotager.fr\/index.php\/wp-json\/wp\/v2\/pages\/348926\/revisions\/348927"}],"wp:attachment":[{"href":"https:\/\/www.opotager.fr\/index.php\/wp-json\/wp\/v2\/media?parent=348926"}],"curies":[{"name":"wp","href":"https:\/\/api.w.org\/{rel}","templated":true}]}}